{"id":1839,"date":"2025-06-27T13:11:59","date_gmt":"2025-06-27T11:11:59","guid":{"rendered":"https:\/\/alexdenche.dev\/?page_id=1839"},"modified":"2025-06-27T13:12:02","modified_gmt":"2025-06-27T11:12:02","slug":"cookies-policy","status":"publish","type":"page","link":"https:\/\/alexdenche.dev\/en\/cookies-policy\/","title":{"rendered":"Cookie Policy"},"content":{"rendered":"<p><strong>Last updated:<\/strong> July 1, 2025<\/p>\n\n\n\n<hr class=\"wp-block-separator has-alpha-channel-opacity\"\/>\n\n\n\n<h3 class=\"wp-block-heading\">1. What are cookies?<\/h3>\n\n\n\n<p>Cookies are small files that are stored in the user's browser when visiting a web page. Their main function is to allow the site to remember information about the visit, such as preferred language or browsing habits.<\/p>\n\n\n\n<hr class=\"wp-block-separator has-alpha-channel-opacity\"\/>\n\n\n\n<h3 class=\"wp-block-heading\">2. What types of cookies does this site use?<\/h3>\n\n\n\n<p>At <strong>alexdenche.dev<\/strong> the following types of cookies are used:<\/p>\n\n\n\n<h4 class=\"wp-block-heading\">a) Technical cookies (required)<\/h4>\n\n\n\n<p>They allow navigation through the site and the use of basic functionalities. These cookies do not require explicit consent.<\/p>\n\n\n\n<ul class=\"wp-block-list\">\n<li>Site session control<\/li>\n\n\n\n<li>Cookie banner management<\/li>\n<\/ul>\n\n\n\n<h4 class=\"wp-block-heading\">b) Analysis Cookies<\/h4>\n\n\n\n<p>They allow us to quantify the number of users and analyze their behavior, in order to improve the browsing experience.<\/p>\n\n\n\n<ul class=\"wp-block-list\">\n<li><strong>Google Analytics<\/strong><br><em>Supplier:<\/em> Google LLC<br><em>Purpose:<\/em> Analysis of navigation, pages viewed, duration of visit, traffic origin.<br><em>Duration:<\/em> 1 to 2 years.<br><em>More info:<\/em> <a>https:\/\/policies.google.com\/technologies\/cookies<\/a><\/li>\n\n\n\n<li><strong>Google Tag Manager<\/strong><br><em>Supplier:<\/em> Google LLC<br><em>Purpose:<\/em> Management of third-party tags and scripts. It does not collect data by itself.<br><em>Duration:<\/em> Session.<br><em>More info:<\/em> <a>https:\/\/policies.google.com\/privacy<\/a><\/li>\n\n\n\n<li><strong>Microsoft Clarity<\/strong><br><em>Supplier:<\/em> Microsoft Corporation<br><em>Purpose:<\/em> Behavioral analytics through heat maps and session recordings.<br><em>Duration:<\/em> Up to 1 year.<br><em>More info:<\/em> <a class=\"\" href=\"https:\/\/learn.microsoft.com\/en-us\/clarity\/clarity-data\" target=\"_blank\" rel=\"noopener\">https:\/\/learn.microsoft.com\/en-us\/clarity\/clarity-data<\/a><\/li>\n\n\n\n<li><strong>Mautic (subdomain m.alexdenche.dev)<\/strong><br><em>Supplier:<\/em> Self-hosted<br><em>Purpose:<\/em> Activity tracking for marketing automation and forms.<br><em>Duration:<\/em> Variable according to configuration.<br><em>More info:<\/em> <a>https:\/\/www.mautic.org\/privacy-policy<\/a><\/li>\n<\/ul>\n\n\n\n<hr class=\"wp-block-separator has-alpha-channel-opacity\"\/>\n\n\n\n<h3 class=\"wp-block-heading\">3. How can you manage your cookies?<\/h3>\n\n\n\n<p>When accessing the site for the first time, you will be shown a <strong>cookie banner<\/strong> where you can accept or reject its use.<\/p>\n\n\n\n<p>In addition, you can manage or delete cookies from your browser settings:<\/p>\n\n\n\n<ul class=\"wp-block-list\">\n<li>Chrome: <a>https:\/\/support.google.com\/chrome\/answer\/95647<\/a><\/li>\n\n\n\n<li>Firefox: <a class=\"\" href=\"https:\/\/support.mozilla.org\/es\/kb\/Borrar%20cookies\" target=\"_blank\" rel=\"noopener\">https:\/\/support.mozilla.org\/es\/kb\/Borrar%20cookies<\/a><\/li>\n\n\n\n<li>Safari: <a class=\"\" href=\"https:\/\/support.apple.com\/es-es\/HT201265\" target=\"_blank\" rel=\"noopener\">https:\/\/support.apple.com\/es-es\/HT201265<\/a><\/li>\n\n\n\n<li>Edge: <a class=\"\" href=\"https:\/\/support.microsoft.com\/es-es\/help\/4027947\" target=\"_blank\" rel=\"noopener\">https:\/\/support.microsoft.com\/es-es\/help\/4027947<\/a><\/li>\n<\/ul>\n\n\n\n<hr class=\"wp-block-separator has-alpha-channel-opacity\"\/>\n\n\n\n<h3 class=\"wp-block-heading\">4. International Transfers<\/h3>\n\n\n\n<p>Some of the providers used (such as Google or Microsoft) may process your data outside the European Economic Area. In these cases, an adequate level of protection is guaranteed by standard contractual clauses or other mechanisms authorized by the GDPR.<\/p>\n\n\n\n<hr class=\"wp-block-separator has-alpha-channel-opacity\"\/>\n\n\n\n<h3 class=\"wp-block-heading\">5. Changes in the cookies policy<\/h3>\n\n\n\n<p>The site may modify this policy at any time to adapt it to future legal requirements or changes in the use of cookies. It is recommended to review it periodically.<\/p>\n\n\n\n<hr class=\"wp-block-separator has-alpha-channel-opacity\"\/>\n\n\n\n<h3 class=\"wp-block-heading\">6. Contact<\/h3>\n\n\n\n<p>If you have any questions about this cookie policy, you can contact the site manager at: <a href=\"mailto:hola@alexdenche.dev\">hola@alexdenche.dev<\/a><\/p>\n\n\n\n<p><\/p>","protected":false},"excerpt":{"rendered":"<p>\u00daltima actualizaci\u00f3n: 01 de julio de 2025 1. \u00bfQu\u00e9 son las cookies? Las cookies son peque\u00f1os archivos que se almacenan en el navegador del usuario al visitar una p\u00e1gina web. Su funci\u00f3n principal es permitir que el sitio recuerde informaci\u00f3n sobre la visita, como el idioma preferido o los h\u00e1bitos de navegaci\u00f3n. 2. \u00bfQu\u00e9 tipos [&hellip;]<\/p>","protected":false},"author":1,"featured_media":0,"parent":0,"menu_order":0,"comment_status":"closed","ping_status":"closed","template":"","meta":{"_acf_changed":false,"footnotes":""},"class_list":["post-1839","page","type-page","status-publish","hentry"],"acf":[],"_links":{"self":[{"href":"https:\/\/alexdenche.dev\/en\/wp-json\/wp\/v2\/pages\/1839","targetHints":{"allow":["GET"]}}],"collection":[{"href":"https:\/\/alexdenche.dev\/en\/wp-json\/wp\/v2\/pages"}],"about":[{"href":"https:\/\/alexdenche.dev\/en\/wp-json\/wp\/v2\/types\/page"}],"author":[{"embeddable":true,"href":"https:\/\/alexdenche.dev\/en\/wp-json\/wp\/v2\/users\/1"}],"replies":[{"embeddable":true,"href":"https:\/\/alexdenche.dev\/en\/wp-json\/wp\/v2\/comments?post=1839"}],"version-history":[{"count":1,"href":"https:\/\/alexdenche.dev\/en\/wp-json\/wp\/v2\/pages\/1839\/revisions"}],"predecessor-version":[{"id":1840,"href":"https:\/\/alexdenche.dev\/en\/wp-json\/wp\/v2\/pages\/1839\/revisions\/1840"}],"wp:attachment":[{"href":"https:\/\/alexdenche.dev\/en\/wp-json\/wp\/v2\/media?parent=1839"}],"curies":[{"name":"wp","href":"https:\/\/api.w.org\/{rel}","templated":true}]}}